{"id":1206,"date":"2021-11-22T13:53:41","date_gmt":"2021-11-22T13:53:41","guid":{"rendered":"https:\/\/zaz.digipax.pl\/?page_id=1206"},"modified":"2021-11-22T13:53:41","modified_gmt":"2021-11-22T13:53:41","slug":"blog","status":"publish","type":"page","link":"https:\/\/zaz.digipax.pl\/index.php\/blog\/","title":{"rendered":"Blog"},"content":{"rendered":"<p><div class=\"fusion-fullwidth fullwidth-box fusion-builder-row-1 fusion-flex-container nonhundred-percent-fullwidth non-hundred-percent-height-scrolling\" style=\"background-color: var(--awb-color1);background-position: center center;background-repeat: no-repeat;border-width: 0px 0px 0px 0px;border-color:var(--awb-color3);border-style:solid;\" ><div class=\"fusion-builder-row fusion-row fusion-flex-align-items-flex-start\" style=\"max-width:1393.6px;margin-left: calc(-4% \/ 2 );margin-right: calc(-4% \/ 2 );\"><div class=\"fusion-layout-column fusion_builder_column fusion-builder-column-0 fusion_builder_column_1_1 1_1 fusion-flex-column\"><div class=\"fusion-column-wrapper fusion-flex-justify-content-flex-start fusion-content-layout-column\" style=\"background-position:left top;background-repeat:no-repeat;-webkit-background-size:cover;-moz-background-size:cover;-o-background-size:cover;background-size:cover;padding: 0px 0px 0px 0px;\"><div class=\"fusion-post-cards fusion-post-cards-1 fusion-grid-archive\"><ul class=\"fusion-grid fusion-grid-2 fusion-flex-align-items-flex-start fusion-grid-posts-cards\"><li class=\"fusion-layout-column fusion_builder_column fusion-builder-column-1 fusion-flex-column post-card fusion-grid-column fusion-post-cards-grid-column\"><div class=\"fusion-column-wrapper fusion-flex-justify-content-flex-start fusion-content-layout-column\" style=\"background-position:left top;background-blend-mode: overlay;background-repeat:no-repeat;-webkit-background-size:cover;-moz-background-size:cover;-o-background-size:cover;background-size:cover;padding: 0px 0px 0px 0px;\"><div class=\"fusion-classic-product-image-wrapper fusion-woo-product-image fusion-post-card-image fusion-post-card-image-1\" data-layout=\"rollover\"><div  class=\"fusion-image-wrapper\" aria-haspopup=\"true\">\n\t\t\t\t<img decoding=\"async\" width=\"800\" height=\"510\" src=\"https:\/\/zaz.digipax.pl\/wp-content\/uploads\/2021\/11\/lodolamacze.jpeg\" class=\"attachment-full size-full lazyload wp-post-image\" alt=\"\" srcset=\"data:image\/svg+xml,%3Csvg%20xmlns%3D%27http%3A%2F%2Fwww.w3.org%2F2000%2Fsvg%27%20width%3D%27800%27%20height%3D%27510%27%20viewBox%3D%270%200%20800%20510%27%3E%3Crect%20width%3D%27800%27%20height%3D%27510%27%20fill-opacity%3D%220%22%2F%3E%3C%2Fsvg%3E\" data-orig-src=\"https:\/\/zaz.digipax.pl\/wp-content\/uploads\/2021\/11\/lodolamacze.jpeg\" data-srcset=\"https:\/\/zaz.digipax.pl\/wp-content\/uploads\/2021\/11\/lodolamacze-200x128.jpeg 200w, https:\/\/zaz.digipax.pl\/wp-content\/uploads\/2021\/11\/lodolamacze-400x255.jpeg 400w, https:\/\/zaz.digipax.pl\/wp-content\/uploads\/2021\/11\/lodolamacze-600x383.jpeg 600w, https:\/\/zaz.digipax.pl\/wp-content\/uploads\/2021\/11\/lodolamacze.jpeg 800w\" data-sizes=\"auto\" \/><div class=\"fusion-rollover\">\n\t<div class=\"fusion-rollover-content\">\n\n\t\t\t\t\t\t\t\t\t\t\t\t\t\t<a class=\"fusion-rollover-link\" href=\"https:\/\/zaz.digipax.pl\/index.php\/2021\/11\/22\/outdoor-catering-discounts\/\">Zak\u0142ad Aktywno\u015bci Zawodowej w Suchowoli z tytu\u0142em Lodo\u0142amaczy<\/a>\n\t\t\t\n\t\t\t\t\t\t\t\t\t\t\t\t\t\t\n\t\t\t\t\t\t\t\t\n\t\t\t\t\t\t\t\t\t\t\t\t\t<div class=\"fusion-rollover-sep\"><\/div>\n\t\t\t\t\n\t\t\t\t\t\t\t\t\t\t\t\t\t\t\t\t\t\t<a class=\"fusion-rollover-gallery\" href=\"https:\/\/zaz.digipax.pl\/wp-content\/uploads\/2021\/11\/lodolamacze.jpeg\" data-id=\"1232\" data-rel=\"iLightbox[gallery]\" data-title=\"lodolamacze\" data-caption=\"\">\n\t\t\t\t\t\tGallery\t\t\t\t\t<\/a>\n\t\t\t\t\t\t\t\t\t\t\t\t\t\t\n\t\t\n\t\t\t\t\t\t\t\t\n\t\t\t\t\t\t\t\t\n\t\t\n\t\t\t\t\t\t<a class=\"fusion-link-wrapper\" href=\"https:\/\/zaz.digipax.pl\/index.php\/2021\/11\/22\/outdoor-catering-discounts\/\" aria-label=\"Zak\u0142ad Aktywno\u015bci Zawodowej w Suchowoli z tytu\u0142em Lodo\u0142amaczy\"><\/a>\n\t<\/div>\n<\/div>\n<\/div>\n<\/div><div class=\"fusion-meta-tb fusion-meta-tb-1 floated\" style=\"margin-top:20px;min-height:60px;font-size:16px;\"><span class=\"fusion-tb-author\">By <span><a href=\"https:\/\/zaz.digipax.pl\/index.php\/author\/jamoge\/\" title=\"Wpisy od I N\" rel=\"author\">I N<\/a><\/span><\/span><span class=\"fusion-meta-tb-sep\">|<\/span><span class=\"fusion-tb-tags\">Tags: <a href=\"https:\/\/zaz.digipax.pl\/index.php\/tag\/catering\/\" rel=\"tag\">Catering<\/a>, <a href=\"https:\/\/zaz.digipax.pl\/index.php\/tag\/food\/\" rel=\"tag\">Food<\/a>, <a href=\"https:\/\/zaz.digipax.pl\/index.php\/tag\/wedding\/\" rel=\"tag\">Wedding<\/a><\/span><span class=\"fusion-meta-tb-sep\">|<\/span><\/div><style type=\"text\/css\">.fusion-meta-tb.fusion-meta-tb-1{color:var(--awb-color8);justify-content:center;border-bottom-width:0px;border-top-width:0px;}.fusion-meta-tb.fusion-meta-tb-1 a,.fusion-meta-tb.fusion-meta-tb-1 span a{color:var(--awb-color8);}.fusion-meta-tb.fusion-meta-tb-1  > span:not(.fusion-meta-tb-sep){border-bottom-width:0px;border-top-width:0px;border-left-width:0px;border-right-width:0px;}<\/style><div style=\"text-align:center;\"><span class=\" fusion-imageframe imageframe-none imageframe-1 hover-type-none\" style=\"max-width:90px;\"><img decoding=\"async\" width=\"171\" height=\"14\" title=\"waves-separator\" src=\"data:image\/svg+xml,%3Csvg%20xmlns%3D%27http%3A%2F%2Fwww.w3.org%2F2000%2Fsvg%27%20width%3D%27171%27%20height%3D%2714%27%20viewBox%3D%270%200%20171%2014%27%3E%3Crect%20width%3D%27171%27%20height%3D%2714%27%20fill-opacity%3D%220%22%2F%3E%3C%2Fsvg%3E\" data-orig-src=\"https:\/\/zaz.digipax.pl\/wp-content\/uploads\/2021\/10\/waves-separator.png\" alt class=\"lazyload img-responsive wp-image-259\"\/><\/span><\/div><style type=\"text\/css\">@media only screen and (max-width:1250px) {.fusion-title.fusion-title-1{margin-top:10px!important; margin-right:0px!important;margin-bottom:15px!important;margin-left:0px!important;}}@media only screen and (max-width:800px) {.fusion-title.fusion-title-1{margin-top:10px!important; margin-right:0px!important;margin-bottom:10px!important; margin-left:0px!important;}}.fusion-title.fusion-title-text.fusion-title-1 a{color:var(--awb-color7)}.fusion-title.fusion-title-text.fusion-title-1 a:hover{color:var(--awb-color5)}<\/style><div class=\"fusion-title title fusion-title-1 fusion-sep-none fusion-title-center fusion-title-text fusion-title-size-four\" style=\"margin-top:10px;margin-right:0px;margin-bottom:15px;margin-left:0px;\"><h4 class=\"title-heading-center\" style=\"margin:0;text-transform:none;\"><a href=\"https:\/\/zaz.digipax.pl\/index.php\/2021\/11\/22\/outdoor-catering-discounts\/\" class=\"awb-custom-text-color awb-custom-text-hover-color\" target=\"_self\">Zak\u0142ad Aktywno\u015bci Zawodowej w Suchowoli z tytu\u0142em Lodo\u0142amaczy<\/a><\/h4><\/div><\/div><style type=\"text\/css\">.fusion-builder-column-1 > .fusion-column-wrapper {padding-top : 0px !important;padding-right : 0px !important;padding-bottom : 0px !important;padding-left : 0px !important;}<\/style><\/li>\n<li class=\"fusion-layout-column fusion_builder_column fusion-builder-column-2 fusion-flex-column post-card fusion-grid-column fusion-post-cards-grid-column\"><div class=\"fusion-column-wrapper fusion-flex-justify-content-flex-start fusion-content-layout-column\" style=\"background-position:left top;background-blend-mode: overlay;background-repeat:no-repeat;-webkit-background-size:cover;-moz-background-size:cover;-o-background-size:cover;background-size:cover;padding: 0px 0px 0px 0px;\"><div class=\"fusion-classic-product-image-wrapper fusion-woo-product-image fusion-post-card-image fusion-post-card-image-1\" data-layout=\"rollover\"><div  class=\"fusion-image-wrapper\" aria-haspopup=\"true\">\n\t\t\t\t<img decoding=\"async\" width=\"852\" height=\"568\" src=\"https:\/\/zaz.digipax.pl\/wp-content\/uploads\/2021\/11\/bistro2.jpg\" class=\"attachment-full size-full lazyload wp-post-image\" alt=\"\" srcset=\"data:image\/svg+xml,%3Csvg%20xmlns%3D%27http%3A%2F%2Fwww.w3.org%2F2000%2Fsvg%27%20width%3D%27852%27%20height%3D%27568%27%20viewBox%3D%270%200%20852%20568%27%3E%3Crect%20width%3D%27852%27%20height%3D%27568%27%20fill-opacity%3D%220%22%2F%3E%3C%2Fsvg%3E\" data-orig-src=\"https:\/\/zaz.digipax.pl\/wp-content\/uploads\/2021\/11\/bistro2.jpg\" data-srcset=\"https:\/\/zaz.digipax.pl\/wp-content\/uploads\/2021\/11\/bistro2-200x133.jpg 200w, https:\/\/zaz.digipax.pl\/wp-content\/uploads\/2021\/11\/bistro2-400x267.jpg 400w, https:\/\/zaz.digipax.pl\/wp-content\/uploads\/2021\/11\/bistro2-600x400.jpg 600w, https:\/\/zaz.digipax.pl\/wp-content\/uploads\/2021\/11\/bistro2-800x533.jpg 800w, https:\/\/zaz.digipax.pl\/wp-content\/uploads\/2021\/11\/bistro2.jpg 852w\" data-sizes=\"auto\" \/><div class=\"fusion-rollover\">\n\t<div class=\"fusion-rollover-content\">\n\n\t\t\t\t\t\t\t\t\t\t\t\t\t\t<a class=\"fusion-rollover-link\" href=\"https:\/\/zaz.digipax.pl\/index.php\/2021\/11\/22\/event-management-company\/\">Z rupieciarni powsta\u0142a wspania\u0142a plac\u00f3wka &#8211; pierwszy ZAZ w powiecie sok\u00f3lskim<\/a>\n\t\t\t\n\t\t\t\t\t\t\t\t\t\t\t\t\t\t\n\t\t\t\t\t\t\t\t\n\t\t\t\t\t\t\t\t\t\t\t\t\t<div class=\"fusion-rollover-sep\"><\/div>\n\t\t\t\t\n\t\t\t\t\t\t\t\t\t\t\t\t\t\t\t\t\t\t<a class=\"fusion-rollover-gallery\" href=\"https:\/\/zaz.digipax.pl\/wp-content\/uploads\/2021\/11\/bistro2.jpg\" data-id=\"1227\" data-rel=\"iLightbox[gallery]\" data-title=\"bistro2\" data-caption=\"\">\n\t\t\t\t\t\tGallery\t\t\t\t\t<\/a>\n\t\t\t\t\t\t\t\t\t\t\t\t\t\t\n\t\t\n\t\t\t\t\t\t\t\t\n\t\t\t\t\t\t\t\t\n\t\t\n\t\t\t\t\t\t<a class=\"fusion-link-wrapper\" href=\"https:\/\/zaz.digipax.pl\/index.php\/2021\/11\/22\/event-management-company\/\" aria-label=\"Z rupieciarni powsta\u0142a wspania\u0142a plac\u00f3wka &#8211; pierwszy ZAZ w powiecie sok\u00f3lskim\"><\/a>\n\t<\/div>\n<\/div>\n<\/div>\n<\/div><div class=\"fusion-meta-tb fusion-meta-tb-2 floated\" style=\"margin-top:20px;min-height:60px;font-size:16px;\"><span class=\"fusion-tb-author\">By <span><a href=\"https:\/\/zaz.digipax.pl\/index.php\/author\/jamoge\/\" title=\"Wpisy od I N\" rel=\"author\">I N<\/a><\/span><\/span><span class=\"fusion-meta-tb-sep\">|<\/span><span class=\"fusion-tb-tags\">Tags: <a href=\"https:\/\/zaz.digipax.pl\/index.php\/tag\/catering\/\" rel=\"tag\">Catering<\/a>, <a href=\"https:\/\/zaz.digipax.pl\/index.php\/tag\/events\/\" rel=\"tag\">Events<\/a><\/span><span class=\"fusion-meta-tb-sep\">|<\/span><\/div><style type=\"text\/css\">.fusion-meta-tb.fusion-meta-tb-2{color:var(--awb-color8);justify-content:center;border-bottom-width:0px;border-top-width:0px;}.fusion-meta-tb.fusion-meta-tb-2 a,.fusion-meta-tb.fusion-meta-tb-2 span a{color:var(--awb-color8);}.fusion-meta-tb.fusion-meta-tb-2  > span:not(.fusion-meta-tb-sep){border-bottom-width:0px;border-top-width:0px;border-left-width:0px;border-right-width:0px;}<\/style><div style=\"text-align:center;\"><span class=\" fusion-imageframe imageframe-none imageframe-2 hover-type-none\" style=\"max-width:90px;\"><img decoding=\"async\" width=\"171\" height=\"14\" title=\"waves-separator\" src=\"data:image\/svg+xml,%3Csvg%20xmlns%3D%27http%3A%2F%2Fwww.w3.org%2F2000%2Fsvg%27%20width%3D%27171%27%20height%3D%2714%27%20viewBox%3D%270%200%20171%2014%27%3E%3Crect%20width%3D%27171%27%20height%3D%2714%27%20fill-opacity%3D%220%22%2F%3E%3C%2Fsvg%3E\" data-orig-src=\"https:\/\/zaz.digipax.pl\/wp-content\/uploads\/2021\/10\/waves-separator.png\" alt class=\"lazyload img-responsive wp-image-259\"\/><\/span><\/div><style type=\"text\/css\">@media only screen and (max-width:1250px) {.fusion-title.fusion-title-2{margin-top:10px!important; margin-right:0px!important;margin-bottom:15px!important;margin-left:0px!important;}}@media only screen and (max-width:800px) {.fusion-title.fusion-title-2{margin-top:10px!important; margin-right:0px!important;margin-bottom:10px!important; margin-left:0px!important;}}.fusion-title.fusion-title-text.fusion-title-2 a{color:var(--awb-color7)}.fusion-title.fusion-title-text.fusion-title-2 a:hover{color:var(--awb-color5)}<\/style><div class=\"fusion-title title fusion-title-2 fusion-sep-none fusion-title-center fusion-title-text fusion-title-size-four\" style=\"margin-top:10px;margin-right:0px;margin-bottom:15px;margin-left:0px;\"><h4 class=\"title-heading-center\" style=\"margin:0;text-transform:none;\"><a href=\"https:\/\/zaz.digipax.pl\/index.php\/2021\/11\/22\/event-management-company\/\" class=\"awb-custom-text-color awb-custom-text-hover-color\" target=\"_self\">Z rupieciarni powsta\u0142a wspania\u0142a plac\u00f3wka &#8211; pierwszy ZAZ w powiecie sok\u00f3lskim<\/a><\/h4><\/div><\/div><style type=\"text\/css\">.fusion-builder-column-2 > .fusion-column-wrapper {padding-top : 0px !important;padding-right : 0px !important;padding-bottom : 0px !important;padding-left : 0px !important;}<\/style><\/li>\n<\/ul><\/div><style>.fusion-post-cards.fusion-post-cards-1 ul.fusion-grid{margin-right:calc((60px)\/ -2);margin-left:calc((60px)\/ -2);margin-top:calc((10px)\/ -2);}.fusion-post-cards.fusion-post-cards-1 ul.fusion-grid > .fusion-grid-column{padding-left:calc((60px)\/ 2);padding-right:calc((60px)\/ 2);padding-top:calc((10px)\/ 2);padding-bottom:calc((10px)\/ 2);}.fusion-post-cards.fusion-post-cards-1 ul.fusion-grid > .fusion-grid-column > .fusion-column-inner-bg{margin-left:calc((60px)\/ 2);margin-right:calc((60px)\/ 2);margin-top:calc((10px)\/ 2);margin-bottom:calc((10px)\/ 2);}<\/style><\/div><style type=\"text\/css\">.fusion-body .fusion-builder-column-0{width:100% !important;margin-top : 0px;margin-bottom : 0px;}.fusion-builder-column-0 > .fusion-column-wrapper {padding-top : 0px !important;padding-right : 0px !important;margin-right : 1.92%;padding-bottom : 0px !important;padding-left : 0px !important;margin-left : 1.92%;}@media only screen and (max-width:1250px) {.fusion-body .fusion-builder-column-0{width:100% !important;order : 0;}.fusion-builder-column-0 > .fusion-column-wrapper {margin-right : 1.92%;margin-left : 1.92%;}}@media only screen and (max-width:800px) {.fusion-body .fusion-builder-column-0{width:100% !important;order : 0;}.fusion-builder-column-0 > .fusion-column-wrapper {margin-right : 1.92%;margin-left : 1.92%;}}<\/style><\/div><\/div><style type=\"text\/css\">.fusion-body .fusion-flex-container.fusion-builder-row-1{ padding-top : 0px;margin-top : 100px;padding-right : 0px;padding-bottom : 0px;margin-bottom : 0px;padding-left : 0px;}<\/style><\/div><div class=\"fusion-fullwidth fullwidth-box fusion-builder-row-2 fusion-flex-container hundred-percent-fullwidth non-hundred-percent-height-scrolling\" style=\"background-color: var(--awb-color1);background-position: center center;background-repeat: no-repeat;border-width: 0px 0px 0px 0px;border-color:var(--awb-color3);border-style:solid;\" ><div class=\"fusion-builder-row fusion-row fusion-flex-align-items-flex-start\" style=\"width:calc( 100% + 0px ) !important;max-width:calc( 100% + 0px ) !important;margin-left: calc(-0px \/ 2 );margin-right: calc(-0px \/ 2 );\"><div class=\"fusion-layout-column fusion_builder_column fusion-builder-column-3 fusion_builder_column_1_1 1_1 fusion-flex-column\"><div class=\"fusion-column-wrapper fusion-flex-justify-content-flex-start fusion-content-layout-column\" style=\"background-position:left top;background-repeat:no-repeat;-webkit-background-size:cover;-moz-background-size:cover;-o-background-size:cover;background-size:cover;padding: 0px 0px 0px 0px;\"><\/div><style type=\"text\/css\">.fusion-body .fusion-builder-column-3{width:100% !important;margin-top : 0px;margin-bottom : 0px;}.fusion-builder-column-3 > .fusion-column-wrapper {padding-top : 0px !important;padding-right : 0px !important;margin-right : 0px;padding-bottom : 0px !important;padding-left : 0px !important;margin-left : 0px;}@media only screen and (max-width:1250px) {.fusion-body .fusion-builder-column-3{width:100% !important;order : 0;}.fusion-builder-column-3 > .fusion-column-wrapper {margin-right : 0px;margin-left : 0px;}}@media only screen and (max-width:800px) {.fusion-body .fusion-builder-column-3{width:100% !important;order : 0;}.fusion-builder-column-3 > .fusion-column-wrapper {margin-right : 0px;margin-left : 0px;}}<\/style><\/div><\/div><style type=\"text\/css\">.fusion-body .fusion-flex-container.fusion-builder-row-2{ padding-top : 0px;margin-top : 60px;padding-right : 0px;padding-bottom : 0px;margin-bottom : 100px;padding-left : 0px;}<\/style><\/div><div class=\"fusion-fullwidth fullwidth-box fusion-builder-row-3 fusion-flex-container nonhundred-percent-fullwidth non-hundred-percent-height-scrolling\" style=\"background-color: var(--awb-color1);background-position: center center;background-repeat: no-repeat;border-width: 0px 0px 0px 0px;border-color:var(--awb-color3);border-style:solid;\" ><div class=\"fusion-builder-row fusion-row fusion-flex-align-items-flex-start\" style=\"max-width:1393.6px;margin-left: calc(-4% \/ 2 );margin-right: calc(-4% \/ 2 );\"><div class=\"fusion-layout-column fusion_builder_column fusion-builder-column-4 fusion_builder_column_1_1 1_1 fusion-flex-column\"><div class=\"fusion-column-wrapper fusion-flex-justify-content-flex-start fusion-content-layout-column\" style=\"background-position:left top;background-repeat:no-repeat;-webkit-background-size:cover;-moz-background-size:cover;-o-background-size:cover;background-size:cover;padding: 0px 0px 0px 0px;\"><\/div><style type=\"text\/css\">.fusion-body .fusion-builder-column-4{width:100% !important;margin-top : 0px;margin-bottom : 20px;}.fusion-builder-column-4 > .fusion-column-wrapper {padding-top : 0px !important;padding-right : 0px !important;margin-right : 1.92%;padding-bottom : 0px !important;padding-left : 0px !important;margin-left : 1.92%;}@media only screen and (max-width:1250px) {.fusion-body .fusion-builder-column-4{width:100% !important;order : 0;}.fusion-builder-column-4 > .fusion-column-wrapper {margin-right : 1.92%;margin-left : 1.92%;}}@media only screen and (max-width:800px) {.fusion-body .fusion-builder-column-4{width:100% !important;order : 0;}.fusion-builder-column-4 > .fusion-column-wrapper {margin-right : 1.92%;margin-left : 1.92%;}}<\/style><\/div><\/div><style type=\"text\/css\">.fusion-body .fusion-flex-container.fusion-builder-row-3{ padding-top : 0px;margin-top : 0px;padding-right : 0px;padding-bottom : 0px;margin-bottom : 60px;padding-left : 0px;}<\/style><\/div><\/p>\n","protected":false},"excerpt":{"rendered":"","protected":false},"author":2,"featured_media":0,"parent":0,"menu_order":0,"comment_status":"closed","ping_status":"closed","template":"100-width.php","meta":{"footnotes":""},"class_list":["post-1206","page","type-page","status-publish","hentry"],"_links":{"self":[{"href":"https:\/\/zaz.digipax.pl\/index.php\/wp-json\/wp\/v2\/pages\/1206","targetHints":{"allow":["GET"]}}],"collection":[{"href":"https:\/\/zaz.digipax.pl\/index.php\/wp-json\/wp\/v2\/pages"}],"about":[{"href":"https:\/\/zaz.digipax.pl\/index.php\/wp-json\/wp\/v2\/types\/page"}],"author":[{"embeddable":true,"href":"https:\/\/zaz.digipax.pl\/index.php\/wp-json\/wp\/v2\/users\/2"}],"replies":[{"embeddable":true,"href":"https:\/\/zaz.digipax.pl\/index.php\/wp-json\/wp\/v2\/comments?post=1206"}],"version-history":[{"count":0,"href":"https:\/\/zaz.digipax.pl\/index.php\/wp-json\/wp\/v2\/pages\/1206\/revisions"}],"wp:attachment":[{"href":"https:\/\/zaz.digipax.pl\/index.php\/wp-json\/wp\/v2\/media?parent=1206"}],"curies":[{"name":"wp","href":"https:\/\/api.w.org\/{rel}","templated":true}]}}